{"id":87,"date":"2022-06-27T18:24:07","date_gmt":"2022-06-27T16:24:07","guid":{"rendered":"https:\/\/anouk-naggiar.fr\/?page_id=87"},"modified":"2022-07-01T17:39:58","modified_gmt":"2022-07-01T15:39:58","slug":"blog","status":"publish","type":"page","link":"https:\/\/anouk-naggiar.fr\/?page_id=87","title":{"rendered":"Blog"},"content":{"rendered":"\t\t<div data-elementor-type=\"wp-page\" data-elementor-id=\"87\" class=\"elementor elementor-87\">\n\t\t\t\t\t\t\t\t\t<section class=\"elementor-section elementor-top-section elementor-element elementor-element-5ccc1386 elementor-section-boxed elementor-section-height-default elementor-section-height-default\" data-id=\"5ccc1386\" data-element_type=\"section\" data-settings=\"{&quot;background_background&quot;:&quot;gradient&quot;}\">\n\t\t\t\t\t\t<div class=\"elementor-container elementor-column-gap-default\">\n\t\t\t\t\t<div class=\"elementor-column elementor-col-100 elementor-top-column elementor-element elementor-element-1453dd7d\" data-id=\"1453dd7d\" data-element_type=\"column\">\n\t\t\t<div class=\"elementor-widget-wrap elementor-element-populated\">\n\t\t\t\t\t\t\t\t<div class=\"elementor-element elementor-element-c49b27f elementor-widget elementor-widget-text-editor\" data-id=\"c49b27f\" data-element_type=\"widget\" data-widget_type=\"text-editor.default\">\n\t\t\t\t<div class=\"elementor-widget-container\">\n\t\t\t<style>\/*! elementor - v3.6.6 - 08-06-2022 *\/\n.elementor-widget-text-editor.elementor-drop-cap-view-stacked .elementor-drop-cap{background-color:#818a91;color:#fff}.elementor-widget-text-editor.elementor-drop-cap-view-framed .elementor-drop-cap{color:#818a91;border:3px solid;background-color:transparent}.elementor-widget-text-editor:not(.elementor-drop-cap-view-default) .elementor-drop-cap{margin-top:8px}.elementor-widget-text-editor:not(.elementor-drop-cap-view-default) .elementor-drop-cap-letter{width:1em;height:1em}.elementor-widget-text-editor .elementor-drop-cap{float:left;text-align:center;line-height:1;font-size:50px}.elementor-widget-text-editor .elementor-drop-cap-letter{display:inline-block}<\/style>\t\t\t\t<p>Mes derniers articles<\/p>\t\t\t\t\t\t<\/div>\n\t\t\t\t<\/div>\n\t\t\t\t\t<\/div>\n\t\t<\/div>\n\t\t\t\t\t\t\t<\/div>\n\t\t<\/section>\n\t\t\t\t<section class=\"elementor-section elementor-top-section elementor-element elementor-element-4c5c275c elementor-section-boxed elementor-section-height-default elementor-section-height-default\" data-id=\"4c5c275c\" data-element_type=\"section\">\n\t\t\t\t\t\t<div class=\"elementor-container elementor-column-gap-default\">\n\t\t\t\t\t<div class=\"elementor-column elementor-col-100 elementor-top-column elementor-element elementor-element-22a70063\" data-id=\"22a70063\" data-element_type=\"column\">\n\t\t\t<div class=\"elementor-widget-wrap elementor-element-populated\">\n\t\t\t\t\t\t\t\t<div class=\"elementor-element elementor-element-f17e9ee elementor-widget elementor-widget-style_two\" data-id=\"f17e9ee\" data-element_type=\"widget\" data-widget_type=\"style_two.default\">\n\t\t\t\t<div class=\"elementor-widget-container\">\n\t\t\t\n       <section class=\"eblog-area style-7 noajax\" data-ajaxid=\"f17e9ee\" data-style=\"style-two\">\n            <div class=\"eblog-container\">\n                <div class=\"modal\"><\/div>\n                <div class=\"noajax\"><\/div>\n               <div class=\"eblog-row\">\r\n    <div class=\"eblog-col-lg-4 eblog-col-sm-6\">\r\n        <div class=\"eblog-single-inner style-7\">\r\n            <div class=\"icon-img\">\r\n                <img src=\"https:\/\/anouk-naggiar.fr\/wp-content\/uploads\/2022\/07\/happy-couple-during-the-psychology-therapy-indoors-370x247.jpg\"\r\n                 alt=\"Happy couple during the psychology therapy indoors\">\r\n            <\/div>\r\n            <div class=\"content-box\">\r\n\r\n                            <ul class=\"eblog-meta-inner\">\r\n                                            <li><i class=\"fa fa-user\"><\/i>anouk.naggiar<\/li>\r\n                                                                <li><i class=\"fa fa-clock\"><\/i>\r\n                            1 juillet 2022                        <\/li>\r\n                                                                             <\/ul>\r\n            \r\n                            <h2 class=\"inner-title\">\r\n\r\n                <a href=\"https:\/\/anouk-naggiar.fr\/?p=599\">\r\n\r\n                    La th\u00e9rapie de couple, une solution pour aider \u00e0 sortir de l\u2019impasse \u00e0 Paris 9                        \r\n                <\/a>\r\n\r\n                <\/h2>\r\n\r\n                          <\/div>\r\n        <\/div>\r\n    <\/div>\r\n    <div class=\"eblog-col-lg-4 eblog-col-sm-6\">\r\n        <div class=\"eblog-single-inner style-7\">\r\n            <div class=\"icon-img\">\r\n                <img src=\"https:\/\/anouk-naggiar.fr\/wp-content\/uploads\/2022\/06\/pexels-tara-winstead-7723582-scaled-370x247.jpg\"\r\n                 alt=\"\">\r\n            <\/div>\r\n            <div class=\"content-box\">\r\n\r\n                            <ul class=\"eblog-meta-inner\">\r\n                                            <li><i class=\"fa fa-user\"><\/i>anouk.naggiar<\/li>\r\n                                                                <li><i class=\"fa fa-clock\"><\/i>\r\n                            1 juillet 2022                        <\/li>\r\n                                                                             <\/ul>\r\n            \r\n                            <h2 class=\"inner-title\">\r\n\r\n                <a href=\"https:\/\/anouk-naggiar.fr\/?p=558\">\r\n\r\n                    Le cancer et ma th\u00e9rapie                        \r\n                <\/a>\r\n\r\n                <\/h2>\r\n\r\n                          <\/div>\r\n        <\/div>\r\n    <\/div>\r\n    <div class=\"eblog-col-lg-4 eblog-col-sm-6\">\r\n        <div class=\"eblog-single-inner style-7\">\r\n            <div class=\"icon-img\">\r\n                <img src=\"https:\/\/anouk-naggiar.fr\/wp-content\/uploads\/2022\/06\/pexels-karolina-grabowska-7876146-scaled-370x247.jpg\"\r\n                 alt=\"\">\r\n            <\/div>\r\n            <div class=\"content-box\">\r\n\r\n                            <ul class=\"eblog-meta-inner\">\r\n                                            <li><i class=\"fa fa-user\"><\/i>anouk.naggiar<\/li>\r\n                                                                <li><i class=\"fa fa-clock\"><\/i>\r\n                            1 juillet 2022                        <\/li>\r\n                                                                             <\/ul>\r\n            \r\n                            <h2 class=\"inner-title\">\r\n\r\n                <a href=\"https:\/\/anouk-naggiar.fr\/?p=496\">\r\n\r\n                    Comment allez-vous ? Comment cela s&rsquo;est pass\u00e9  depuis notre derni\u00e8re s\u00e9ance.                        \r\n                <\/a>\r\n\r\n                <\/h2>\r\n\r\n                          <\/div>\r\n        <\/div>\r\n    <\/div>\r\n    <div class=\"eblog-col-lg-4 eblog-col-sm-6\">\r\n        <div class=\"eblog-single-inner style-7\">\r\n            <div class=\"icon-img\">\r\n                <img src=\"https:\/\/anouk-naggiar.fr\/wp-content\/uploads\/2022\/06\/pexels-cottonbro-4101145-scaled-370x247.jpg\"\r\n                 alt=\"\">\r\n            <\/div>\r\n            <div class=\"content-box\">\r\n\r\n                            <ul class=\"eblog-meta-inner\">\r\n                                            <li><i class=\"fa fa-user\"><\/i>anouk.naggiar<\/li>\r\n                                                                <li><i class=\"fa fa-clock\"><\/i>\r\n                            27 juin 2022                        <\/li>\r\n                                                                             <\/ul>\r\n            \r\n                            <h2 class=\"inner-title\">\r\n\r\n                <a href=\"https:\/\/anouk-naggiar.fr\/?p=240\">\r\n\r\n                    Un psychologue de couple pour une th\u00e9rapie \u00e0 deux \u00e0 Paris 9                        \r\n                <\/a>\r\n\r\n                <\/h2>\r\n\r\n                          <\/div>\r\n        <\/div>\r\n    <\/div>\r\n<\/div>            <\/div>\n        <\/section> \n\n        \t\t<\/div>\n\t\t\t\t<\/div>\n\t\t\t\t\t<\/div>\n\t\t<\/div>\n\t\t\t\t\t\t\t<\/div>\n\t\t<\/section>\n\t\t\t\t\t\t\t<\/div>\n\t\t","protected":false},"excerpt":{"rendered":"<p>Mes derniers articles anouk.naggiar 1 juillet 2022 La th\u00e9rapie de couple, une solution pour aider \u00e0 sortir de l\u2019impasse \u00e0 Paris 9 anouk.naggiar 1 juillet 2022 Le cancer et ma th\u00e9rapie anouk.naggiar 1 juillet 2022 Comment allez-vous ? Comment cela s&rsquo;est pass\u00e9 depuis notre derni\u00e8re s\u00e9ance. anouk.naggiar 27 juin 2022 Un psychologue de couple pour [&hellip;]<\/p>\n","protected":false},"author":1,"featured_media":0,"parent":0,"menu_order":0,"comment_status":"closed","ping_status":"closed","template":"elementor_header_footer","meta":[],"_links":{"self":[{"href":"https:\/\/anouk-naggiar.fr\/index.php?rest_route=\/wp\/v2\/pages\/87"}],"collection":[{"href":"https:\/\/anouk-naggiar.fr\/index.php?rest_route=\/wp\/v2\/pages"}],"about":[{"href":"https:\/\/anouk-naggiar.fr\/index.php?rest_route=\/wp\/v2\/types\/page"}],"author":[{"embeddable":true,"href":"https:\/\/anouk-naggiar.fr\/index.php?rest_route=\/wp\/v2\/users\/1"}],"replies":[{"embeddable":true,"href":"https:\/\/anouk-naggiar.fr\/index.php?rest_route=%2Fwp%2Fv2%2Fcomments&post=87"}],"version-history":[{"count":28,"href":"https:\/\/anouk-naggiar.fr\/index.php?rest_route=\/wp\/v2\/pages\/87\/revisions"}],"predecessor-version":[{"id":618,"href":"https:\/\/anouk-naggiar.fr\/index.php?rest_route=\/wp\/v2\/pages\/87\/revisions\/618"}],"wp:attachment":[{"href":"https:\/\/anouk-naggiar.fr\/index.php?rest_route=%2Fwp%2Fv2%2Fmedia&parent=87"}],"curies":[{"name":"wp","href":"https:\/\/api.w.org\/{rel}","templated":true}]}}