{"id":81,"date":"2022-06-27T18:22:48","date_gmt":"2022-06-27T16:22:48","guid":{"rendered":"https:\/\/anouk-naggiar.fr\/?page_id=81"},"modified":"2022-07-01T13:06:39","modified_gmt":"2022-07-01T11:06:39","slug":"emdr","status":"publish","type":"page","link":"https:\/\/anouk-naggiar.fr\/?page_id=81","title":{"rendered":"EMDR"},"content":{"rendered":"\t\t<div data-elementor-type=\"wp-page\" data-elementor-id=\"81\" class=\"elementor elementor-81\">\n\t\t\t\t\t\t\t\t\t<section class=\"elementor-section elementor-top-section elementor-element elementor-element-517b6a2 elementor-section-boxed elementor-section-height-default elementor-section-height-default\" data-id=\"517b6a2\" data-element_type=\"section\" data-settings=\"{&quot;background_background&quot;:&quot;gradient&quot;}\">\n\t\t\t\t\t\t<div class=\"elementor-container elementor-column-gap-default\">\n\t\t\t\t\t<div class=\"elementor-column elementor-col-100 elementor-top-column elementor-element elementor-element-76c04ef9\" data-id=\"76c04ef9\" data-element_type=\"column\">\n\t\t\t<div class=\"elementor-widget-wrap elementor-element-populated\">\n\t\t\t\t\t\t\t\t<div class=\"elementor-element elementor-element-2c418f05 elementor-widget elementor-widget-heading\" data-id=\"2c418f05\" data-element_type=\"widget\" data-widget_type=\"heading.default\">\n\t\t\t\t<div class=\"elementor-widget-container\">\n\t\t\t<style>\/*! elementor - v3.6.6 - 08-06-2022 *\/\n.elementor-heading-title{padding:0;margin:0;line-height:1}.elementor-widget-heading .elementor-heading-title[class*=elementor-size-]>a{color:inherit;font-size:inherit;line-height:inherit}.elementor-widget-heading .elementor-heading-title.elementor-size-small{font-size:15px}.elementor-widget-heading .elementor-heading-title.elementor-size-medium{font-size:19px}.elementor-widget-heading .elementor-heading-title.elementor-size-large{font-size:29px}.elementor-widget-heading .elementor-heading-title.elementor-size-xl{font-size:39px}.elementor-widget-heading .elementor-heading-title.elementor-size-xxl{font-size:59px}<\/style><h1 class=\"elementor-heading-title elementor-size-default\">EMDR<\/h1>\t\t<\/div>\n\t\t\t\t<\/div>\n\t\t\t\t<div class=\"elementor-element elementor-element-30750a9 elementor-widget elementor-widget-text-editor\" data-id=\"30750a9\" data-element_type=\"widget\" data-widget_type=\"text-editor.default\">\n\t\t\t\t<div class=\"elementor-widget-container\">\n\t\t\t<style>\/*! elementor - v3.6.6 - 08-06-2022 *\/\n.elementor-widget-text-editor.elementor-drop-cap-view-stacked .elementor-drop-cap{background-color:#818a91;color:#fff}.elementor-widget-text-editor.elementor-drop-cap-view-framed .elementor-drop-cap{color:#818a91;border:3px solid;background-color:transparent}.elementor-widget-text-editor:not(.elementor-drop-cap-view-default) .elementor-drop-cap{margin-top:8px}.elementor-widget-text-editor:not(.elementor-drop-cap-view-default) .elementor-drop-cap-letter{width:1em;height:1em}.elementor-widget-text-editor .elementor-drop-cap{float:left;text-align:center;line-height:1;font-size:50px}.elementor-widget-text-editor .elementor-drop-cap-letter{display:inline-block}<\/style>\t\t\t\t<p><span style=\"font-weight: 400;\">Qu\u2019est-ce que l\u2019EMDR?<\/span><\/p>\t\t\t\t\t\t<\/div>\n\t\t\t\t<\/div>\n\t\t\t\t\t<\/div>\n\t\t<\/div>\n\t\t\t\t\t\t\t<\/div>\n\t\t<\/section>\n\t\t\t\t<section class=\"elementor-section elementor-top-section elementor-element elementor-element-e2ca8fb elementor-section-boxed elementor-section-height-default elementor-section-height-default\" data-id=\"e2ca8fb\" data-element_type=\"section\">\n\t\t\t\t\t\t<div class=\"elementor-container elementor-column-gap-default\">\n\t\t\t\t\t<div class=\"elementor-column elementor-col-50 elementor-top-column elementor-element elementor-element-cf84c76\" data-id=\"cf84c76\" data-element_type=\"column\">\n\t\t\t<div class=\"elementor-widget-wrap elementor-element-populated\">\n\t\t\t\t\t\t\t\t<div class=\"elementor-element elementor-element-59373c4 elementor-widget elementor-widget-heading\" data-id=\"59373c4\" data-element_type=\"widget\" data-widget_type=\"heading.default\">\n\t\t\t\t<div class=\"elementor-widget-container\">\n\t\t\t<h3 class=\"elementor-heading-title elementor-size-default\">L'origine de l'EMDR<\/h3>\t\t<\/div>\n\t\t\t\t<\/div>\n\t\t\t\t<div class=\"elementor-element elementor-element-2f5214a elementor-widget elementor-widget-spacer\" data-id=\"2f5214a\" data-element_type=\"widget\" data-widget_type=\"spacer.default\">\n\t\t\t\t<div class=\"elementor-widget-container\">\n\t\t\t<style>\/*! elementor - v3.6.6 - 08-06-2022 *\/\n.e-container.e-container--row .elementor-spacer-inner{width:var(--spacer-size)}.e-container.e-container--column .elementor-spacer-inner,.elementor-column .elementor-spacer-inner{height:var(--spacer-size)}<\/style>\t\t<div class=\"elementor-spacer\">\n\t\t\t<div class=\"elementor-spacer-inner\"><\/div>\n\t\t<\/div>\n\t\t\t\t<\/div>\n\t\t\t\t<\/div>\n\t\t\t\t<div class=\"elementor-element elementor-element-d98f428 elementor-widget elementor-widget-image\" data-id=\"d98f428\" data-element_type=\"widget\" data-widget_type=\"image.default\">\n\t\t\t\t<div class=\"elementor-widget-container\">\n\t\t\t<style>\/*! elementor - v3.6.6 - 08-06-2022 *\/\n.elementor-widget-image{text-align:center}.elementor-widget-image a{display:inline-block}.elementor-widget-image a img[src$=\".svg\"]{width:48px}.elementor-widget-image img{vertical-align:middle;display:inline-block}<\/style>\t\t\t\t\t\t\t\t\t\t\t\t<img width=\"733\" height=\"527\" src=\"https:\/\/anouk-naggiar.fr\/wp-content\/uploads\/2022\/06\/emdr-schema-1.jpg\" class=\"attachment-large size-large\" alt=\"\" loading=\"lazy\" srcset=\"https:\/\/anouk-naggiar.fr\/wp-content\/uploads\/2022\/06\/emdr-schema-1.jpg 733w, https:\/\/anouk-naggiar.fr\/wp-content\/uploads\/2022\/06\/emdr-schema-1-300x216.jpg 300w\" sizes=\"(max-width: 733px) 100vw, 733px\" \/>\t\t\t\t\t\t\t\t\t\t\t\t\t\t\t<\/div>\n\t\t\t\t<\/div>\n\t\t\t\t\t<\/div>\n\t\t<\/div>\n\t\t\t\t<div class=\"elementor-column elementor-col-50 elementor-top-column elementor-element elementor-element-8c3b8b4\" data-id=\"8c3b8b4\" data-element_type=\"column\">\n\t\t\t<div class=\"elementor-widget-wrap elementor-element-populated\">\n\t\t\t\t\t\t\t\t<div class=\"elementor-element elementor-element-b17b034 elementor-widget elementor-widget-text-editor\" data-id=\"b17b034\" data-element_type=\"widget\" data-widget_type=\"text-editor.default\">\n\t\t\t\t<div class=\"elementor-widget-container\">\n\t\t\t\t\t\t\t<p>L\u2019EMDR est une th\u00e9rapie appartenant aux neurosciences d\u00e9couverte en 1987 aux \u00c9tats-Unis par Francine Shapiro. Le bon \u00e9quilibre de notre vie psychique est la r\u00e9sultante d\u2019un \u00e9change actif entre les cerveaux. Le cerveau cognitif, conscient, rationnel, tourn\u00e9 vers le monde ext\u00e9rieur et le cerveau \u00e9motionnel, inconscient, avant tout connect\u00e9 au corps.<\/p><p>Le mouvement des globes oculaires lors des stimulations visuelles rappellent le mouvements rapides des yeux (REM) de la phase de sommeil paradoxal, qui est le moment o\u00f9 ont lieu les r\u00eaves \u2013 les r\u00eaves \u00e9tant des retraitements d\u2019informations stock\u00e9es pr\u00e9c\u00e9demment.<\/p><p>Apr\u00e8s chaque stimulation, le patient est invit\u00e9 \u00e0 exprimer ce qu\u2019il a visualis\u00e9 mentalement, les liens qui ont pu se faire avec d\u2019autres souvenirs (qu\u2019il y aura peut-\u00eatre lieu de traiter ult\u00e9rieurement), ainsi que son ressenti physique.<\/p>\t\t\t\t\t\t<\/div>\n\t\t\t\t<\/div>\n\t\t\t\t\t<\/div>\n\t\t<\/div>\n\t\t\t\t\t\t\t<\/div>\n\t\t<\/section>\n\t\t\t\t<section class=\"elementor-section elementor-top-section elementor-element elementor-element-4759cdf elementor-section-boxed elementor-section-height-default elementor-section-height-default\" data-id=\"4759cdf\" data-element_type=\"section\">\n\t\t\t\t\t\t<div class=\"elementor-container elementor-column-gap-default\">\n\t\t\t\t\t<div class=\"elementor-column elementor-col-50 elementor-top-column elementor-element elementor-element-70f7f78\" data-id=\"70f7f78\" data-element_type=\"column\">\n\t\t\t<div class=\"elementor-widget-wrap elementor-element-populated\">\n\t\t\t\t\t\t\t\t<div class=\"elementor-element elementor-element-354afc7 elementor-widget elementor-widget-spacer\" data-id=\"354afc7\" data-element_type=\"widget\" data-widget_type=\"spacer.default\">\n\t\t\t\t<div class=\"elementor-widget-container\">\n\t\t\t\t\t<div class=\"elementor-spacer\">\n\t\t\t<div class=\"elementor-spacer-inner\"><\/div>\n\t\t<\/div>\n\t\t\t\t<\/div>\n\t\t\t\t<\/div>\n\t\t\t\t<div class=\"elementor-element elementor-element-e6dcbb5 elementor-widget elementor-widget-heading\" data-id=\"e6dcbb5\" data-element_type=\"widget\" data-widget_type=\"heading.default\">\n\t\t\t\t<div class=\"elementor-widget-container\">\n\t\t\t<h2 class=\"elementor-heading-title elementor-size-default\"><h4 data-elementor-setting-key=\"title\" data-pen-placeholder=\"\u00c9crivez ici...\" style=\"font-family: var( --e-global-typography-accent-font-family ), Sans-serif; font-weight: var( --e-global-typography-accent-font-weight ); line-height: var( --e-global-typography-accent-line-height ); font-size: var( --e-global-typography-accent-font-size );\">A qui s\u2019adresse la th\u00e9rapie EMDR ?<\/h4><\/h2>\t\t<\/div>\n\t\t\t\t<\/div>\n\t\t\t\t<div class=\"elementor-element elementor-element-7599e93 elementor-widget elementor-widget-text-editor\" data-id=\"7599e93\" data-element_type=\"widget\" data-widget_type=\"text-editor.default\">\n\t\t\t\t<div class=\"elementor-widget-container\">\n\t\t\t\t\t\t\t<p>Toute personne ressentant des dysfonctionnements \u00e9motionnels li\u00e9s \u00e0 des traumatismes psychologiques.<\/p><p>Ceux-ci peuvent \u00eatre graves : viols, violences familiales, accident de voiture, tortures, catastrophes naturelles (tsunami, tremblement de terre\u2026) ou plus mineures (une bagarre dans la cour d\u2019\u00e9cole, une m\u00e9sentente entre coll\u00e8gues) mais parce que le seuil \u00e9motionnel s\u2019en est trouv\u00e9 \u00e9lev\u00e9, la personne n\u2019a pu d\u00e9passer l\u2019incident traumatique qui reste ainsi grav\u00e9 dans le noyau dur de son cerveau. Aussi dans chaque situation future de sa vie faisant \u00e9cho \u00e0 l\u2019incident initial remontera un cort\u00e8ge d\u2019\u00e9motions, de peur, d\u2019inhibition voire d\u2019attaques de panique ou de phobies. Le cerveau reste inond\u00e9 par le traumatisme, bloqu\u00e9 sur l\u2019\u00e9v\u00e8nement et \u00ab n\u2019arrive pas \u00e0 traiter les informations comme il le fait ordinairement\u00bb.<\/p><p>L\u2019EMDR va permettre de restaurer le traitement de l\u2019information concernant un \u00e9v\u00e8nement traumatique pr\u00e9cis, lib\u00e9rant ainsi le sujet de la situation de blocage dans laquelle il se trouve, parfois sans le savoir.<\/p>\t\t\t\t\t\t<\/div>\n\t\t\t\t<\/div>\n\t\t\t\t\t<\/div>\n\t\t<\/div>\n\t\t\t\t<div class=\"elementor-column elementor-col-50 elementor-top-column elementor-element elementor-element-c79285e\" data-id=\"c79285e\" data-element_type=\"column\">\n\t\t\t<div class=\"elementor-widget-wrap elementor-element-populated\">\n\t\t\t\t\t\t\t\t<div class=\"elementor-element elementor-element-de89c88 elementor-widget elementor-widget-spacer\" data-id=\"de89c88\" data-element_type=\"widget\" data-widget_type=\"spacer.default\">\n\t\t\t\t<div class=\"elementor-widget-container\">\n\t\t\t\t\t<div class=\"elementor-spacer\">\n\t\t\t<div class=\"elementor-spacer-inner\"><\/div>\n\t\t<\/div>\n\t\t\t\t<\/div>\n\t\t\t\t<\/div>\n\t\t\t\t<div class=\"elementor-element elementor-element-bbda2b5 elementor-widget elementor-widget-heading\" data-id=\"bbda2b5\" data-element_type=\"widget\" data-widget_type=\"heading.default\">\n\t\t\t\t<div class=\"elementor-widget-container\">\n\t\t\t<h2 class=\"elementor-heading-title elementor-size-default\"><h4 data-elementor-setting-key=\"title\" data-pen-placeholder=\"\u00c9crivez ici...\" style=\"font-family: var( --e-global-typography-accent-font-family ), Sans-serif; font-weight: var( --e-global-typography-accent-font-weight ); line-height: var( --e-global-typography-accent-line-height ); font-size: var( --e-global-typography-accent-font-size );\">Comment se d\u00e9roule une s\u00e9ance ?<\/h4><\/h2>\t\t<\/div>\n\t\t\t\t<\/div>\n\t\t\t\t<div class=\"elementor-element elementor-element-f11a4c4 elementor-widget elementor-widget-text-editor\" data-id=\"f11a4c4\" data-element_type=\"widget\" data-widget_type=\"text-editor.default\">\n\t\t\t\t<div class=\"elementor-widget-container\">\n\t\t\t\t\t\t\t<p>La pratique de l\u2019EMDR est pr\u00e9c\u00e9d\u00e9e d\u2019un ou plusieurs entretiens au cours desquels le patient d\u00e9roule son histoire \u2013 ce qui permet le d\u00e9but d\u2019une relation de confiance entre th\u00e9rapeute et patient. Ainsi se dessinent les souvenirs traumatiques \u00e0 traiter.<\/p><p>Au d\u00e9but de la s\u00e9ance, le patient fait le r\u00e9cit d\u00e9taill\u00e9 d\u2019une sc\u00e8ne, qui doit rester charg\u00e9e d\u2019\u00e9motion.<\/p><p>Un protocole pr\u00e9cis est ensuite d\u00e9roul\u00e9 par le th\u00e9rapeute. Sont alors recherch\u00e9es la cognition n\u00e9gative (les phrases paralysantes et r\u00e9currentes que le patient a imprim\u00e9es), et la cognition positive (les phrases que le patient pourra prononcer une fois d\u00e9gag\u00e9 du traumatisme). Ceci semble essentiel pour lui permettre de mettre en place un nouveau fonctionnement.<\/p><p>\u00a0<\/p><p>Commence alors le d\u00e9but de la d\u00e9sensibilisation par l\u2019interm\u00e9diaire de stimulations bilat\u00e9rales altern\u00e9es, soit visuelles, soit tactiles, soit auditives.<\/p>\t\t\t\t\t\t<\/div>\n\t\t\t\t<\/div>\n\t\t\t\t\t<\/div>\n\t\t<\/div>\n\t\t\t\t\t\t\t<\/div>\n\t\t<\/section>\n\t\t\t\t\t\t\t<\/div>\n\t\t","protected":false},"excerpt":{"rendered":"<p>EMDR Qu\u2019est-ce que l\u2019EMDR? L&rsquo;origine de l&rsquo;EMDR L\u2019EMDR est une th\u00e9rapie appartenant aux neurosciences d\u00e9couverte en 1987 aux \u00c9tats-Unis par Francine Shapiro. Le bon \u00e9quilibre de notre vie psychique est la r\u00e9sultante d\u2019un \u00e9change actif entre les cerveaux. Le cerveau cognitif, conscient, rationnel, tourn\u00e9 vers le monde ext\u00e9rieur et le cerveau \u00e9motionnel, inconscient, avant tout [&hellip;]<\/p>\n","protected":false},"author":1,"featured_media":0,"parent":0,"menu_order":0,"comment_status":"closed","ping_status":"closed","template":"elementor_header_footer","meta":[],"_links":{"self":[{"href":"https:\/\/anouk-naggiar.fr\/index.php?rest_route=\/wp\/v2\/pages\/81"}],"collection":[{"href":"https:\/\/anouk-naggiar.fr\/index.php?rest_route=\/wp\/v2\/pages"}],"about":[{"href":"https:\/\/anouk-naggiar.fr\/index.php?rest_route=\/wp\/v2\/types\/page"}],"author":[{"embeddable":true,"href":"https:\/\/anouk-naggiar.fr\/index.php?rest_route=\/wp\/v2\/users\/1"}],"replies":[{"embeddable":true,"href":"https:\/\/anouk-naggiar.fr\/index.php?rest_route=%2Fwp%2Fv2%2Fcomments&post=81"}],"version-history":[{"count":25,"href":"https:\/\/anouk-naggiar.fr\/index.php?rest_route=\/wp\/v2\/pages\/81\/revisions"}],"predecessor-version":[{"id":393,"href":"https:\/\/anouk-naggiar.fr\/index.php?rest_route=\/wp\/v2\/pages\/81\/revisions\/393"}],"wp:attachment":[{"href":"https:\/\/anouk-naggiar.fr\/index.php?rest_route=%2Fwp%2Fv2%2Fmedia&parent=81"}],"curies":[{"name":"wp","href":"https:\/\/api.w.org\/{rel}","templated":true}]}}