{"id":628,"date":"2022-07-01T17:57:04","date_gmt":"2022-07-01T15:57:04","guid":{"rendered":"https:\/\/anouk-naggiar.fr\/?page_id=628"},"modified":"2022-07-01T18:21:18","modified_gmt":"2022-07-01T16:21:18","slug":"mentions-legales","status":"publish","type":"page","link":"https:\/\/anouk-naggiar.fr\/?page_id=628","title":{"rendered":"Mentions l\u00e9gales"},"content":{"rendered":"\t\t<div data-elementor-type=\"wp-page\" data-elementor-id=\"628\" class=\"elementor elementor-628\">\n\t\t\t\t\t\t\t\t\t<section class=\"elementor-section elementor-top-section elementor-element elementor-element-3dd7081 elementor-section-full_width elementor-section-height-default elementor-section-height-default\" data-id=\"3dd7081\" data-element_type=\"section\">\n\t\t\t\t\t\t<div class=\"elementor-container elementor-column-gap-no\">\n\t\t\t\t\t<div class=\"elementor-column elementor-col-100 elementor-top-column elementor-element elementor-element-bd8d979\" data-id=\"bd8d979\" data-element_type=\"column\">\n\t\t\t<div class=\"elementor-widget-wrap elementor-element-populated\">\n\t\t\t\t\t\t\t\t<div class=\"elementor-element elementor-element-b4aa55a elementor-widget elementor-widget-text-editor\" data-id=\"b4aa55a\" data-element_type=\"widget\" data-widget_type=\"text-editor.default\">\n\t\t\t\t<div class=\"elementor-widget-container\">\n\t\t\t<style>\/*! elementor - v3.6.6 - 08-06-2022 *\/\n.elementor-widget-text-editor.elementor-drop-cap-view-stacked .elementor-drop-cap{background-color:#818a91;color:#fff}.elementor-widget-text-editor.elementor-drop-cap-view-framed .elementor-drop-cap{color:#818a91;border:3px solid;background-color:transparent}.elementor-widget-text-editor:not(.elementor-drop-cap-view-default) .elementor-drop-cap{margin-top:8px}.elementor-widget-text-editor:not(.elementor-drop-cap-view-default) .elementor-drop-cap-letter{width:1em;height:1em}.elementor-widget-text-editor .elementor-drop-cap{float:left;text-align:center;line-height:1;font-size:50px}.elementor-widget-text-editor .elementor-drop-cap-letter{display:inline-block}<\/style>\t\t\t\t<p><!-- wp:heading --><\/p>\n<h4>Article 1 \u2013 MENTION L\u00c9GALES<\/h4>\n<p><!-- \/wp:heading --> <!-- wp:paragraph --><\/p>\n<p>Le pr\u00e9sent site, accessible \u00e0 l\u2019URL\u00a0https:\/\/anouk-naggiar.fr\/\u00a0<\/p>\n<p><!-- \/wp:paragraph --> <!-- wp:heading --><\/p>\n<h4>INFORMATION SUR L\u2019ENTREPRISE<\/h4>\n<p><!-- \/wp:heading --> <!-- wp:paragraph --><\/p>\n<p>56 Rue de Clichy,<\/p>\n<p><!-- \/wp:paragraph --> <!-- wp:paragraph --><\/p>\n<p>75009<\/p>\n<p><!-- \/wp:paragraph --> <!-- wp:paragraph --><\/p>\n<p>Paris<br \/>Site Web : https:\/\/www.hostinger.fr\/<br \/>CNIL :<br \/>Conform\u00e9ment \u00e0 la loi Informatique et Libert\u00e9s du 06 janvier 1978 vous disposez, \u00e0 tout moment, d\u2019un droit d\u2019acc\u00e8s, de rectification, et d\u2019opposition \u00e0 l\u2019ensemble de vos donn\u00e9es personnelles en \u00e9crivant, par courrier et en justifiant de votre identit\u00e9, ANOUK NAGGIAR,\u00a056 Rue de Clichy, 75009 Paris.<br \/>Vos donn\u00e9es ne seront ni transmises ni vendues \u00e0 un tiers qui ne d\u00e9pend pas du groupe : nous garons nos donn\u00e9es pour un traitement interne exclusivement.<br \/>Selon la page que vous visitez sur le site, certaines donn\u00e9es sont collect\u00e9es via un formulaire ou par un algorithme automatique.<\/p>\n<p><!-- \/wp:paragraph --> <!-- wp:heading --><\/p>\n<h4>Traitement Des Donn\u00e9es Personnelles<\/h4>\n<p><!-- \/wp:heading --> <!-- wp:paragraph --><\/p>\n<p>Nous utilisons GDPR Cookie Consent &amp; Compliance Notice est conforme au RGPD, \u00e0 l\u2019ePrivacy (y compris PECR), au COPPA et au CCPA. En utilisant ce plug-in est respectueux de la confidentialit\u00e9,votre adresse IP n\u2019est que bri\u00e8vement trait\u00e9e et nous (exploitant de ce site Web) n\u2019avons aucun moyen de vous identifier. Conform\u00e9ment \u00e0 la CCPA, vos informations personnelles sont anonymis\u00e9es. Vous pouvez en savoir plus \u00e0 ce sujet sur le site Web de https:\/\/gdpr.eu\/gdpr-consent-requirements\/<\/p>\n<p><!-- \/wp:paragraph --> <!-- wp:heading --><\/p>\n<h4>Propri\u00e9t\u00e9 Intellectuelle<\/h4>\n<p><!-- \/wp:heading --> <!-- wp:paragraph --><\/p>\n<p>L\u2019ensemble des \u00e9l\u00e9ments figurant sur le site internet https:\/\/esd-digital-event.com\/ (textes, dessins, programmes, photographies, noms, logos etc\u2026) est prot\u00e9g\u00e9 par les dispositions du Code de la Propri\u00e9t\u00e9 intellectuelle fran\u00e7ais. Toute reproduction, repr\u00e9sentation, modification, adaptation, distribution, traduction de l\u2019un des ces \u00e9l\u00e9ments, de fa\u00e7on int\u00e9grale ou partielle..<\/p>\n<p><!-- \/wp:paragraph --> <!-- wp:paragraph --><\/p>\n<p>Toute utilisation non express\u00e9ment autoris\u00e9e constitue une violation des droits d\u2019auteur et une contrefa\u00e7on en application des articles L 335-2 et suivants du Code de la Propri\u00e9t\u00e9 intellectuelle. Elle peut \u00e9galement constituer un acte de concurrence d\u00e9loyale selon l\u2019article 1382 du Code Civil et une violation du droit \u00e0 l\u2019image et des droits de la personnalit\u00e9 selon l\u2019article 9 du m\u00eame code.<\/p>\n<p><!-- \/wp:paragraph --> <!-- wp:heading --><\/p>\n<h4>Responsabilit\u00e9<\/h4>\n<p><!-- \/wp:heading --> <!-- wp:paragraph --><\/p>\n<p>Les liens hypertextes vers des sites internet exterieurs n\u2019engagent pas la responsabilit\u00e9 de ANOUK NAGGIAR quant au contenu de ces sites. L\u2019acc\u00e8s \u00e0 tous les autres sites Internet depuis ce site web se fait aux risques de l\u2019utilisateur.<\/p>\n<p><!-- \/wp:paragraph --> <!-- wp:paragraph --><\/p>\n<p>ANOUK NAGGIAR ne pourra \u00eatre tenu responsable des dommages directs ou indirects r\u00e9sultant de l\u2019utilisation de ce site web, ou de l\u2019impossibilit\u00e9 pour un tiers de l\u2019utiliser, ou d\u2019un mauvais fonctionnement, d\u2019une interruption, d\u2019un virus, r\u00e9sultant de l\u2019acc\u00e8s ou de l\u2019utilisation de ce site ou de tout sites qui lui sont li\u00e9s.<\/p>\n<p><!-- \/wp:paragraph --> <!-- wp:paragraph --><\/p>\n<p>Droit de reproduction<\/p>\n<p><!-- \/wp:paragraph --> <!-- wp:paragraph --><\/p>\n<p>Toute copie de pages du site doit avoir obtenu l\u2019autorisation du directeur de la publication. La cr\u00e9ation de liens vers le site internet de ANOUK NAGGIARL est libre.<\/p>\n<p><!-- \/wp:paragraph --> <!-- wp:heading --><\/p>\n<h4>Copyright<\/h4>\n<p><!-- \/wp:heading --> <!-- wp:paragraph --><\/p>\n<p>Toutes les pages de ce site web sont prot\u00e9g\u00e9es par le droit d\u2019auteur fran\u00e7ais et la l\u00e9gislation sur la protection des bases de donn\u00e9es. Aucune reproduction de ce document, m\u00eame partielle, autres que celles pr\u00e9vues \u00e0 l\u2019article L 122-5 du Code de la propri\u00e9t\u00e9 intellectuelle, ne peut \u00eatre faite sans l\u2019autorisation expresse de l\u2019\u00e9diteur.<\/p>\n<p><!-- \/wp:paragraph --> <!-- wp:heading --><\/p>\n<h4>Recueil Automatique Des Donn\u00e9es<\/h4>\n<p><!-- \/wp:heading --> <!-- wp:paragraph --><\/p>\n<p>Nous utilisons Fathom Analytics pour l\u2019analyse de notre site Web, qui n\u2019utilise pas de cookies et est conforme au RGPD, \u00e0 l\u2019ePrivacy (y compris PECR), au COPPA et au CCPA. En utilisant ce logiciel d\u2019analyse de site Web respectueux de la confidentialit\u00e9, votre adresse IP n\u2019est que bri\u00e8vement trait\u00e9e et nous (exploitant de ce site Web) n\u2019avons aucun moyen de vous identifier. Conform\u00e9ment \u00e0 la CCPA, vos informations personnelles sont anonymis\u00e9es. Vous pouvez en savoir plus \u00e0 ce sujet sur le site Web de Fathom Analytics : https:\/\/usefathom.com\/compliance<\/p>\n<p><!-- \/wp:paragraph --> <!-- wp:heading --><\/p>\n<h4>Les Cookies<\/h4>\n<p><!-- \/wp:heading --> <!-- wp:paragraph --><\/p>\n<p>Le cookie (parfois nomm\u00e9 \u00ab traceur \u00bb ou \u00ab t\u00e9moin de connexion \u00bb) est un fichier texte d\u00e9pos\u00e9 sur votre ordinateur et g\u00e9r\u00e9 par votre navigateur internet. Ce fichier texte contient des informations relatives \u00e0 votre navigation : horodatage, pages visit\u00e9es, reconnaissance \u00e9ventuelle de votre pr\u00e9sence sur des r\u00e9seaux sociaux via des boutons de partage, etc.<\/p>\n<p><!-- \/wp:paragraph --> <!-- wp:paragraph --><\/p>\n<p>Vous \u00eates inform\u00e9 que l\u2019utilisation des cookies nous sert \u00e0 mesurer l\u2019audience du site et nous nous engageons \u00e0 ce que les cookies ne contiennent jamais d\u2019informations suffisantes \u00e0 vous identifier personnellement, que ce soit lors de votre visite sur le site ou par toute action que vous faites (envoi d\u2019un formulaire par exemple).<\/p>\n<p><!-- \/wp:paragraph --> <!-- wp:paragraph --><\/p>\n<p>Vous pouvez vous opposer au stockage de ces cookies sur votre ordinateur en r\u00e9glant les param\u00e8tres de s\u00e9curit\u00e9 de votre navigateur notamment (navigation s\u00e9curis\u00e9e priv\u00e9e, niveau de s\u00e9curit\u00e9, etc.). Certaines fonctionnalit\u00e9s de ce site pourront \u00eatre indisponibles si les cookies sont d\u00e9sactiv\u00e9s.<\/p>\n<p><!-- \/wp:paragraph --> <!-- wp:paragraph --><\/p>\n<p>Conform\u00e9ment aux recommandations de la CNIL, les cookies ont une dur\u00e9e de vie de 13 (treize) mois au maximum, et vos visites sur le site ne prolongent pas la dur\u00e9e de vie des cookies.<\/p>\n<p><!-- \/wp:paragraph --> <!-- wp:heading --><\/p>\n<h4>Nature Des Donn\u00e9es Collect\u00e9es<\/h4>\n<p><!-- \/wp:heading --> <!-- wp:paragraph --><\/p>\n<p>Les donn\u00e9es que nous sommes susceptibles de recueillir sont list\u00e9es dans cette cat\u00e9gorie :<\/p>\n<p><!-- \/wp:paragraph --> <!-- wp:paragraph --><\/p>\n<p>\u00b7Donn\u00e9es techniques : adresse IP (g\u00e9olocalisation), type de mat\u00e9riel (ordinateur, tablette\u2026) ou logiciel (Internet Explorer, Mozilla Firefox, Apple Safari, Google Chrome \u2026), adresse email et \/ ou num\u00e9ro de t\u00e9l\u00e9phone (fixe ou mobile)<\/p>\n<p><!-- \/wp:paragraph --> <!-- wp:heading --><\/p>\n<h4>Exploitation Des Donn\u00e9es<\/h4>\n<p><!-- \/wp:heading --> <!-- wp:paragraph --><\/p>\n<p>Les donn\u00e9es sont exploit\u00e9es aux seules fins de l\u2019\u00e9tablissement pour des besoins marketings ou p\u00e9dagogiques. Vos donn\u00e9es collect\u00e9es sur ce site ne sont jamais c\u00e9d\u00e9es, lou\u00e9es, ni vendues \u00e0 un tiers ou un organisme en aucun cas (et qui plus est, sans votre consentement).<\/p>\n<p><!-- \/wp:paragraph --> <!-- wp:paragraph --><\/p>\n<p>Nous exploitons les donn\u00e9es au travers de nos outils principaux :<\/p>\n<p><!-- \/wp:paragraph --> <!-- wp:paragraph --><\/p>\n<p>Le pr\u00e9sent site sur lequel vous vous trouvez, dont l\u2019analyse statistique permet son optimisation, qu\u2019elle soit \u00e0 propos du contenu ou de sa technologie.<\/p>\n<p><!-- \/wp:paragraph --> <!-- wp:paragraph --><\/p>\n<p>Conservation, acc\u00e8s, rectification et suppression de vos donn\u00e9es personnelles<\/p>\n<p><!-- \/wp:paragraph --> <!-- wp:paragraph --><\/p>\n<p>Les cookies restent sur votre terminal de navigation. Les donn\u00e9es personnelles conserv\u00e9es ne le sont qu\u2019\u00e0 des fins statistiques (donn\u00e9es anonymis\u00e9es).<\/p>\n<p><!-- \/wp:paragraph --> <!-- wp:heading --><\/p>\n<h4>Visiteurs Mineurs<\/h4>\n<p><!-- \/wp:heading --> <!-- wp:paragraph --><\/p>\n<p>Des mineurs peuvent acc\u00e9der aux informations de notre site, dans le cadre de leur recherche d\u2019orientation. Ils peuvent demander des informations compl\u00e9mentaires en remplissant un formulaire. Toute inscription d\u00e9finitive du mineur ne sera faite qu\u2019avec consentement de l\u2019autorit\u00e9 parentale ou du titulaire.<\/p>\n<p><!-- \/wp:paragraph --> <!-- wp:heading --><\/p>\n<h4>Protection De Vos Donn\u00e9es<\/h4>\n<p><!-- \/wp:heading --> <!-- wp:paragraph --><\/p>\n<p>Nous nous engageons \u00e0 mettre en \u0153uvre toutes les mesures techniques et technologiques ad\u00e9quates afin de prot\u00e9ger vos donn\u00e9es personnelles (acc\u00e8s non autoris\u00e9s, ill\u00e9gaux, divulgation, perte ou destruction).<\/p>\n<p><!-- \/wp:paragraph --> <!-- wp:paragraph --><\/p>\n<p>Dans le cas o\u00f9 un acc\u00e8s non autoris\u00e9 serait constat\u00e9, nous nous engageons \u00e0 vous notifier dans les plus brefs d\u00e9lais, et prendre les mesures n\u00e9cessaires afin d\u2019en limiter au maximum les impacts et pr\u00e9judices.<\/p>\n<p><!-- \/wp:paragraph --> <!-- wp:paragraph --><\/p>\n<p>En aucun cas ces engagements ne sauraient valoir pour une reconnaissance de faute ou de responsabilit\u00e9 de l\u2019\u00e9tablissement ou du Groupe quant \u00e0 la survenance de l\u2019incident en question.<\/p>\n<p><!-- \/wp:paragraph --> <!-- wp:paragraph --><\/p>\n<p>ANOUK NAGGIAR est engag\u00e9 dans une d\u00e9marche continue de conformit\u00e9 avec le R\u00e8glement g\u00e9n\u00e9ral sur la protection des donn\u00e9es du 25 mai 2018 afin que les donn\u00e9es de nos utilisateurs soient collect\u00e9es et utilis\u00e9es de mani\u00e8re transparente, confidentielle et s\u00e9curis\u00e9e.<\/p>\n<p><!-- \/wp:paragraph --> <!-- wp:paragraph --><\/p>\n<p>Nous pouvons \u00eatre amen\u00e9s \u00e0 mettre \u00e0 jour r\u00e9guli\u00e8rement notre politique de s\u00e9curit\u00e9 des donn\u00e9es, nous vous invitons \u00e0 en prendre connaissance r\u00e9guli\u00e8rement sur la pr\u00e9sente page.<\/p>\n<p><!-- \/wp:paragraph --> <!-- wp:paragraph --><\/p>\n<p>Si des modifications majeures sont apport\u00e9es, nous vous en informerons au pr\u00e9alable par email ou par courrier afin de vous permettre de les examiner avant leur date d\u2019effet. Par vos visites sur le site, vous confirmez que vous acceptez la Politique ainsi que ses mises \u00e0 jour.<\/p>\n<p><!-- \/wp:paragraph --> <!-- wp:paragraph --><\/p>\n<p>Nous faisons notre maximum pour garantir l\u2019acc\u00e8s au Site, cependant nous ne pouvons garantir sa continuit\u00e9 absolue. En cas de force majeure, l\u2019acc\u00e8s peut \u00eatre interrompu et le cas \u00e9ch\u00e9ant, des erreurs techniques peuvent se produire, que nous corrigerons le plus rapidement possible.<\/p>\n<p><!-- \/wp:paragraph --> <!-- wp:paragraph --><\/p>\n<p>Tous les \u00e9crans apparaissant sur le site https:\/\/ecole-du-digital.com, y compris les graphismes, textes, images, logos et ic\u00f4nes ainsi que leur mise en forme sont la propri\u00e9t\u00e9 exclusive de la soci\u00e9t\u00e9 ANOUK NAGGIAR et de leurs propri\u00e9taires respectifs.<\/p>\n<p><!-- \/wp:paragraph --> <!-- wp:heading --><\/p>\n<h4>Copyright \u00a9 2022 ANOUK NAGGIAR.<\/h4>\n<p><!-- \/wp:heading --> <!-- wp:heading {\"level\":4} --><\/p>\n<h6>Tous les autres droits non express\u00e9ment cit\u00e9s ici sont r\u00e9serv\u00e9s. Toute reproduction, distribution, modification, retransmission ou publication de ces \u00e9l\u00e9ments est strictement interdite sans l\u2019accord express par \u00e9crit de la soci\u00e9t\u00e9 ANOUK NAGGIAR. Toutes les autres marques et logos pr\u00e9sent\u00e9s sur le site\u00a0https:\/\/anouk-naggiar.fr\/\u00a0\u00a0sont la propri\u00e9t\u00e9 respective de leurs auteurs. Les marques d\u00e9pos\u00e9es par ANOUK NAGGIAR ne doivent pas \u00eatre utilis\u00e9es en rapport avec toute autre marque, produit ou service d\u2019une mani\u00e8re qui pourrait cr\u00e9er la confusion dans l\u2019esprit des utilisateurs ou discr\u00e9diter la soci\u00e9t\u00e9 ANOUK NAGGIAR.<\/h6>\n<p><!-- \/wp:heading --> <!-- wp:heading --><\/p>\n<h4>Nous Contacter<\/h4>\n<p><!-- \/wp:heading --> <!-- wp:paragraph --><\/p>\n<p>Si vous avez des questions ou souhaitez faire des r\u00e9clamations concernant notre Politique, vous pouvez envoyer un email \u00e0 l\u2019adresse anouk.naggiar@gmail.com ou un courrier \u00e0 ANOUK NAGGIAR, 56 rue de Clichy, 75009 Paris.<\/p>\n<p><!-- \/wp:paragraph --><\/p>\t\t\t\t\t\t<\/div>\n\t\t\t\t<\/div>\n\t\t\t\t\t<\/div>\n\t\t<\/div>\n\t\t\t\t\t\t\t<\/div>\n\t\t<\/section>\n\t\t\t\t\t\t\t<\/div>\n\t\t","protected":false},"excerpt":{"rendered":"<p>Article 1 \u2013 MENTION L\u00c9GALES Le pr\u00e9sent site, accessible \u00e0 l\u2019URL\u00a0https:\/\/anouk-naggiar.fr\/\u00a0 INFORMATION SUR L\u2019ENTREPRISE 56 Rue de Clichy, 75009 ParisSite Web : https:\/\/www.hostinger.fr\/CNIL :Conform\u00e9ment \u00e0 la loi Informatique et Libert\u00e9s du 06 janvier 1978 vous disposez, \u00e0 tout moment, d\u2019un droit d\u2019acc\u00e8s, de rectification, et d\u2019opposition \u00e0 l\u2019ensemble de vos donn\u00e9es personnelles en \u00e9crivant, par [&hellip;]<\/p>\n","protected":false},"author":1,"featured_media":0,"parent":0,"menu_order":0,"comment_status":"closed","ping_status":"closed","template":"elementor_header_footer","meta":[],"_links":{"self":[{"href":"https:\/\/anouk-naggiar.fr\/index.php?rest_route=\/wp\/v2\/pages\/628"}],"collection":[{"href":"https:\/\/anouk-naggiar.fr\/index.php?rest_route=\/wp\/v2\/pages"}],"about":[{"href":"https:\/\/anouk-naggiar.fr\/index.php?rest_route=\/wp\/v2\/types\/page"}],"author":[{"embeddable":true,"href":"https:\/\/anouk-naggiar.fr\/index.php?rest_route=\/wp\/v2\/users\/1"}],"replies":[{"embeddable":true,"href":"https:\/\/anouk-naggiar.fr\/index.php?rest_route=%2Fwp%2Fv2%2Fcomments&post=628"}],"version-history":[{"count":9,"href":"https:\/\/anouk-naggiar.fr\/index.php?rest_route=\/wp\/v2\/pages\/628\/revisions"}],"predecessor-version":[{"id":662,"href":"https:\/\/anouk-naggiar.fr\/index.php?rest_route=\/wp\/v2\/pages\/628\/revisions\/662"}],"wp:attachment":[{"href":"https:\/\/anouk-naggiar.fr\/index.php?rest_route=%2Fwp%2Fv2%2Fmedia&parent=628"}],"curies":[{"name":"wp","href":"https:\/\/api.w.org\/{rel}","templated":true}]}}